{"id":795,"date":"2025-04-02T15:20:55","date_gmt":"2025-04-02T15:20:55","guid":{"rendered":"https:\/\/gamefort.be\/disclaimer\/"},"modified":"2025-12-08T10:27:26","modified_gmt":"2025-12-08T10:27:26","slug":"disclaimer","status":"publish","type":"page","link":"https:\/\/gamefort.be\/nl\/disclaimer\/","title":{"rendered":"Disclaimer"},"content":{"rendered":"\t\t<div data-elementor-type=\"wp-page\" data-elementor-id=\"795\" class=\"elementor elementor-795 elementor-613\">\n\t\t\t\t<div class=\"elementor-element elementor-element-8fad4a0 e-flex e-con-boxed e-con e-parent\" data-id=\"8fad4a0\" data-element_type=\"container\">\n\t\t\t\t\t<div class=\"e-con-inner\">\n\t\t\t\t<div class=\"elementor-element elementor-element-ac98043 elementor-widget elementor-widget-heading\" data-id=\"ac98043\" data-element_type=\"widget\" data-widget_type=\"heading.default\">\n\t\t\t\t<div class=\"elementor-widget-container\">\n\t\t\t\t\t<h2 class=\"elementor-heading-title elementor-size-default\">Disclaimer <\/h2>\t\t\t\t<\/div>\n\t\t\t\t<\/div>\n\t\t\t\t<div class=\"elementor-element elementor-element-6c54453 elementor-widget elementor-widget-text-editor\" data-id=\"6c54453\" data-element_type=\"widget\" data-widget_type=\"text-editor.default\">\n\t\t\t\t<div class=\"elementor-widget-container\">\n\t\t\t\t\t\t\t\t\t<h3 class=\"\" data-start=\"0\" data-end=\"49\"><span style=\"color: var( --e-global-color-primary ); font-family: var( --e-global-typography-twbb_h4-font-family ), sans-serif; font-size: var( --e-global-typography-twbb_h4-font-size ); font-style: var( --e-global-typography-twbb_h4-font-style ); font-weight: var( --e-global-typography-twbb_h4-font-weight ); letter-spacing: var( --e-global-typography-twbb_h4-letter-spacing ); text-transform: var( --e-global-typography-twbb_h4-text-transform ); word-spacing: var( --e-global-typography-twbb_h4-word-spacing ); text-align: var(--text-align); background-color: var( --e-global-color-twbb_bg_primary );\">Laatste update: 02-04-2025<br> <br> <br><\/span><\/h3><p class=\"\" data-start=\"98\" data-end=\"242\">Welkom op Gamefort.be.<br> <br> <br> Door deze site te bezoeken en te gebruiken, gaat u akkoord met de voorwaarden zoals beschreven in deze disclaimer.<br> <br> <br><\/p><hr class=\"\" data-start=\"244\" data-end=\"247\"><h5>1. Informatieve inhoud<br> <br> <br><\/h5><p class=\"\" data-start=\"278\" data-end=\"599\">De informatie op Gamefort.be is uitsluitend bedoeld voor informatieve doeleinden en vormt op geen enkele manier juridisch, financieel of professioneel advies.<br> <br> <br> We doen ons uiterste best om de juistheid en actualiteit van de informatie te waarborgen, maar we garanderen niet dat deze volledig of accuraat is.<br> <br> <br><\/p><h5>2. Gebruik van de informatie<\/h5><p class=\"\" data-start=\"640\" data-end=\"868\">Het gebruik van de informatie op deze site gebeurt volledig op eigen risico.<br> <br> <br> Gamefort.be kan niet aansprakelijk worden gesteld voor verliezen of schade die voortvloeien uit het gebruik van de aangeboden inhoud of diensten.<br> <br> <br><\/p><h5>3. Externe links<\/h5><p class=\"\" data-start=\"895\" data-end=\"1092\">Deze site kan links bevatten naar externe websites die niet onder onze controle vallen.<br> <br> <br> Gamefort.be is niet verantwoordelijk voor de inhoud of het privacybeleid van deze externe websites.<br> <br> <br><\/p><h5>4. Kansspelen en verantwoordelijkheden<br> <br> <br><\/h5><p class=\"\" data-start=\"1138\" data-end=\"1393\">Gokken en casinospellen brengen aanzienlijke financi\u00eble risico\u2019s met zich mee.<br> <br> <br> Gamefort.be moedigt verantwoord spelgedrag aan.<br> <br> <br> Wij kunnen niet verantwoordelijk worden gehouden voor financi\u00eble verliezen of gevolgen die verband houden met kans- of gokspelen.<br> <br> <br><\/p><h5>5. Beperking van aansprakelijkheid<\/h5><p class=\"\" data-start=\"1434\" data-end=\"1642\">In geen geval kunnen Gamefort.be of haar partners aansprakelijk worden gesteld voor directe, indirecte, bijkomende of bijzondere schade voortvloeiend uit het gebruik van of het onvermogen om de diensten van deze site te gebruiken.<br> <br> <br><\/p><h5>6.Wijziging van de disclaimer<\/h5><p class=\"\" data-start=\"1680\" data-end=\"1874\">Gamefort.be behoudt zich het recht voor om deze disclaimer op elk moment te wijzigen.<br> <br> <br> Nous vous recommandons de consulter cette page r\u00e9guli\u00e8rement pour rester inform\u00e9 des mises \u00e0 jour.<\/p><h5>7. Contact<\/h5><p> <\/p><p class=\"\" data-start=\"1894\" data-end=\"2055\">Voor vragen of opmerkingen over deze disclaimer kunt u contact met ons opnemen via het volgende adres: <a class=\"cursor-pointer\" rel=\"noopener\" data-start=\"2027\" data-end=\"2050\">Gamefort.be@outlook.com.<\/a><\/p>\t\t\t\t\t\t\t\t<\/div>\n\t\t\t\t<\/div>\n\t\t\t\t\t<\/div>\n\t\t\t\t<\/div>\n\t\t\t\t<\/div>\n\t\t","protected":false},"excerpt":{"rendered":"<p>Disclaimer Laatste update: 02-04-2025 Welkom op Gamefort.be. Door deze site te bezoeken en te gebruiken, gaat u akkoord met de voorwaarden zoals beschreven in deze disclaimer. 1. Informatieve inhoud De informatie op Gamefort.be is uitsluitend bedoeld voor informatieve doeleinden en vormt op geen enkele manier juridisch, financieel of professioneel advies. We doen ons uiterste best [&hellip;]<\/p>\n","protected":false},"author":0,"featured_media":0,"parent":0,"menu_order":0,"comment_status":"closed","ping_status":"closed","template":"","meta":{"two_page_speed":[],"footnotes":""},"class_list":["post-795","page","type-page","status-publish","hentry"],"yoast_head":"<!-- This site is optimized with the Yoast SEO plugin v24.8.1 - https:\/\/yoast.com\/wordpress\/plugins\/seo\/ -->\n<title>Disclaimer - GameFort.be - Gaming Community<\/title>\n<meta name=\"robots\" content=\"index, follow, max-snippet:-1, max-image-preview:large, max-video-preview:-1\" \/>\n<link rel=\"canonical\" href=\"https:\/\/gamefort.be\/nl\/disclaimer\/\" \/>\n<meta property=\"og:locale\" content=\"nl_NL\" \/>\n<meta property=\"og:type\" content=\"article\" \/>\n<meta property=\"og:title\" content=\"Disclaimer - GameFort.be - Gaming Community\" \/>\n<meta property=\"og:description\" content=\"Disclaimer Laatste update: 02-04-2025 Welkom op Gamefort.be. Door deze site te bezoeken en te gebruiken, gaat u akkoord met de voorwaarden zoals beschreven in deze disclaimer. 1. Informatieve inhoud De informatie op Gamefort.be is uitsluitend bedoeld voor informatieve doeleinden en vormt op geen enkele manier juridisch, financieel of professioneel advies. We doen ons uiterste best [&hellip;]\" \/>\n<meta property=\"og:url\" content=\"https:\/\/gamefort.be\/nl\/disclaimer\/\" \/>\n<meta property=\"og:site_name\" content=\"GameFort.be - Gaming Community\" \/>\n<meta property=\"article:modified_time\" content=\"2025-12-08T10:27:26+00:00\" \/>\n<meta name=\"twitter:card\" content=\"summary_large_image\" \/>\n<meta name=\"twitter:label1\" content=\"Geschatte leestijd\" \/>\n\t<meta name=\"twitter:data1\" content=\"1 minuut\" \/>\n<script type=\"application\/ld+json\" class=\"yoast-schema-graph\">{\"@context\":\"https:\/\/schema.org\",\"@graph\":[{\"@type\":\"WebPage\",\"@id\":\"https:\/\/gamefort.be\/nl\/disclaimer\/\",\"url\":\"https:\/\/gamefort.be\/nl\/disclaimer\/\",\"name\":\"Disclaimer - GameFort.be - Gaming Community\",\"isPartOf\":{\"@id\":\"https:\/\/gamefort.be\/nl\/#website\"},\"datePublished\":\"2025-04-02T15:20:55+00:00\",\"dateModified\":\"2025-12-08T10:27:26+00:00\",\"breadcrumb\":{\"@id\":\"https:\/\/gamefort.be\/nl\/disclaimer\/#breadcrumb\"},\"inLanguage\":\"nl-NL\",\"potentialAction\":[{\"@type\":\"ReadAction\",\"target\":[\"https:\/\/gamefort.be\/nl\/disclaimer\/\"]}]},{\"@type\":\"BreadcrumbList\",\"@id\":\"https:\/\/gamefort.be\/nl\/disclaimer\/#breadcrumb\",\"itemListElement\":[{\"@type\":\"ListItem\",\"position\":1,\"name\":\"Accueil\",\"item\":\"https:\/\/gamefort.be\/nl\/\"},{\"@type\":\"ListItem\",\"position\":2,\"name\":\"Disclaimer\"}]},{\"@type\":\"WebSite\",\"@id\":\"https:\/\/gamefort.be\/nl\/#website\",\"url\":\"https:\/\/gamefort.be\/nl\/\",\"name\":\"GameFort.be - Gaming Community\",\"description\":\"\",\"publisher\":{\"@id\":\"https:\/\/gamefort.be\/nl\/#organization\"},\"potentialAction\":[{\"@type\":\"SearchAction\",\"target\":{\"@type\":\"EntryPoint\",\"urlTemplate\":\"https:\/\/gamefort.be\/nl\/?s={search_term_string}\"},\"query-input\":{\"@type\":\"PropertyValueSpecification\",\"valueRequired\":true,\"valueName\":\"search_term_string\"}}],\"inLanguage\":\"nl-NL\"},{\"@type\":\"Organization\",\"@id\":\"https:\/\/gamefort.be\/nl\/#organization\",\"name\":\"GameFort.be - Gaming Community\",\"url\":\"https:\/\/gamefort.be\/nl\/\",\"logo\":{\"@type\":\"ImageObject\",\"inLanguage\":\"nl-NL\",\"@id\":\"https:\/\/gamefort.be\/nl\/#\/schema\/logo\/image\/\",\"url\":\"https:\/\/gamefort.be\/wp-content\/uploads\/2025\/04\/cropped-Yellow_and_Black_Modern_Illustrative_Casino_Logo-removebg-preview.png\",\"contentUrl\":\"https:\/\/gamefort.be\/wp-content\/uploads\/2025\/04\/cropped-Yellow_and_Black_Modern_Illustrative_Casino_Logo-removebg-preview.png\",\"width\":500,\"height\":500,\"caption\":\"GameFort.be - Gaming Community\"},\"image\":{\"@id\":\"https:\/\/gamefort.be\/nl\/#\/schema\/logo\/image\/\"}}]}<\/script>\n<!-- \/ Yoast SEO plugin. -->","yoast_head_json":{"title":"Disclaimer - GameFort.be - Gaming Community","robots":{"index":"index","follow":"follow","max-snippet":"max-snippet:-1","max-image-preview":"max-image-preview:large","max-video-preview":"max-video-preview:-1"},"canonical":"https:\/\/gamefort.be\/nl\/disclaimer\/","og_locale":"nl_NL","og_type":"article","og_title":"Disclaimer - GameFort.be - Gaming Community","og_description":"Disclaimer Laatste update: 02-04-2025 Welkom op Gamefort.be. Door deze site te bezoeken en te gebruiken, gaat u akkoord met de voorwaarden zoals beschreven in deze disclaimer. 1. Informatieve inhoud De informatie op Gamefort.be is uitsluitend bedoeld voor informatieve doeleinden en vormt op geen enkele manier juridisch, financieel of professioneel advies. We doen ons uiterste best [&hellip;]","og_url":"https:\/\/gamefort.be\/nl\/disclaimer\/","og_site_name":"GameFort.be - Gaming Community","article_modified_time":"2025-12-08T10:27:26+00:00","twitter_card":"summary_large_image","twitter_misc":{"Geschatte leestijd":"1 minuut"},"schema":{"@context":"https:\/\/schema.org","@graph":[{"@type":"WebPage","@id":"https:\/\/gamefort.be\/nl\/disclaimer\/","url":"https:\/\/gamefort.be\/nl\/disclaimer\/","name":"Disclaimer - GameFort.be - Gaming Community","isPartOf":{"@id":"https:\/\/gamefort.be\/nl\/#website"},"datePublished":"2025-04-02T15:20:55+00:00","dateModified":"2025-12-08T10:27:26+00:00","breadcrumb":{"@id":"https:\/\/gamefort.be\/nl\/disclaimer\/#breadcrumb"},"inLanguage":"nl-NL","potentialAction":[{"@type":"ReadAction","target":["https:\/\/gamefort.be\/nl\/disclaimer\/"]}]},{"@type":"BreadcrumbList","@id":"https:\/\/gamefort.be\/nl\/disclaimer\/#breadcrumb","itemListElement":[{"@type":"ListItem","position":1,"name":"Accueil","item":"https:\/\/gamefort.be\/nl\/"},{"@type":"ListItem","position":2,"name":"Disclaimer"}]},{"@type":"WebSite","@id":"https:\/\/gamefort.be\/nl\/#website","url":"https:\/\/gamefort.be\/nl\/","name":"GameFort.be - Gaming Community","description":"","publisher":{"@id":"https:\/\/gamefort.be\/nl\/#organization"},"potentialAction":[{"@type":"SearchAction","target":{"@type":"EntryPoint","urlTemplate":"https:\/\/gamefort.be\/nl\/?s={search_term_string}"},"query-input":{"@type":"PropertyValueSpecification","valueRequired":true,"valueName":"search_term_string"}}],"inLanguage":"nl-NL"},{"@type":"Organization","@id":"https:\/\/gamefort.be\/nl\/#organization","name":"GameFort.be - Gaming Community","url":"https:\/\/gamefort.be\/nl\/","logo":{"@type":"ImageObject","inLanguage":"nl-NL","@id":"https:\/\/gamefort.be\/nl\/#\/schema\/logo\/image\/","url":"https:\/\/gamefort.be\/wp-content\/uploads\/2025\/04\/cropped-Yellow_and_Black_Modern_Illustrative_Casino_Logo-removebg-preview.png","contentUrl":"https:\/\/gamefort.be\/wp-content\/uploads\/2025\/04\/cropped-Yellow_and_Black_Modern_Illustrative_Casino_Logo-removebg-preview.png","width":500,"height":500,"caption":"GameFort.be - Gaming Community"},"image":{"@id":"https:\/\/gamefort.be\/nl\/#\/schema\/logo\/image\/"}}]}},"_links":{"self":[{"href":"https:\/\/gamefort.be\/nl\/wp-json\/wp\/v2\/pages\/795","targetHints":{"allow":["GET"]}}],"collection":[{"href":"https:\/\/gamefort.be\/nl\/wp-json\/wp\/v2\/pages"}],"about":[{"href":"https:\/\/gamefort.be\/nl\/wp-json\/wp\/v2\/types\/page"}],"replies":[{"embeddable":true,"href":"https:\/\/gamefort.be\/nl\/wp-json\/wp\/v2\/comments?post=795"}],"version-history":[{"count":0,"href":"https:\/\/gamefort.be\/nl\/wp-json\/wp\/v2\/pages\/795\/revisions"}],"wp:attachment":[{"href":"https:\/\/gamefort.be\/nl\/wp-json\/wp\/v2\/media?parent=795"}],"curies":[{"name":"wp","href":"https:\/\/api.w.org\/{rel}","templated":true}]}}